{"id":802,"date":"2015-06-24T17:18:56","date_gmt":"2015-06-24T15:18:56","guid":{"rendered":"https:\/\/www.elitefox.it\/?page_id=802"},"modified":"2015-09-24T15:38:42","modified_gmt":"2015-09-24T13:38:42","slug":"privacy","status":"publish","type":"page","link":"https:\/\/www.elitefox.it\/en\/privacy\/","title":{"rendered":"privacy"},"content":{"rendered":"\n<section id=\"\" class=\"section bg-alter has-header text-left\">\n\n    <div class=\"container\"><\/p>\n<p>Di seguito alcune specifiche riguardo le informazioni raccolte online: trattasi di un\u2019informativa che \u00e8 resa anche ai sensi dell\u2019art.13 del D.Lgs. n\u00ba 196\/2003 del Codice in materia di protezione dei dati personali a coloro che interagiscono con i servizi web di FOX Food &amp; Snacks by\u00a0Elite\u00a0Hotel Residence srl accessibili per via telematica dall\u2019iniziale indirizzo: https:\/\/www.elitefox.it.<\/p>\n<p>L\u2019informativa stessa trae spunto anche alla Raccomandazione n. 2\/2001 che le autorit\u00e0 europee per la protezione dei dati personali, riunite nel Gruppo istituito dall\u2019art.29 della Direttiva Europea N\u00ba 95\/46\/CE, hanno adottato il 17 maggio 2001 per identificare alcuni requisiti minimi per la raccolta di dati personali on-line e nel dettaglio, le modalit\u00e0, i tempi e la natura dei dati che i titolari del trattamento devono fornire agli utenti quando gli utenti stessi si collegano a pagine web, a prescindere dagli scopi del collegamento.<\/p>\n<p><strong>Titolare e luogo di trattamento dei dati<\/strong><br \/>\nSuccessivamente alla consultazione di questo sito possono essere trattati dati relativi a persone identificate o identificabili. Il titolare del trattamento dei dati \u00e8 FOX Food &amp; Snacks by Elite\u00a0Hotel Residence con sede Via Forte Marghera, 119 30173 Venice &#8211; Mestre.<br \/>\nI trattamenti dei dati in riferimento ai servizi Web di questo sito hanno luogo presso la sopra citata sede di FOX Food &amp; Snacks by Elite\u00a0Hotel Residence e sono curati esclusivamente da personale tecnico incaricato del trattamento, oppure da eventuali incaricati di occasionali operazioni di manutenzione. Nessun dato pervenuto dal servizio web viene diffuso o comunicato. Eventuali dati personali forniti dagli utenti che richiedono invio di materiale informativo (tipo newsletter, informazioni, ecc) sono utilizzati esclusivamente al fine di poter effettuare il servizio richiesto.<\/p>\n<p><strong>Tipologia di dati trattati \u2013 Dati di navigazione<\/strong><br \/>\nI sistemi informatici e le procedure software predisposte al funzionamento di questo sito Web durante il loro normale esercizio acquisiscono alcuni dati personali la cui acquisizione stessa \u00e8 implicita nell\u2019uso dei protocolli di comunicazione di Internet.<br \/>\nTali informazioni non sono raccolte per essere associate a interessati identificati, ma per loro stessa natura potrebbero, attraverso ulteriori elaborazioni e connessioni con dati in possesso di terzi, permettere di identificare gli utenti.<br \/>\nRientrano in questa categoria di dati gli indirizzi IP o i nomi a dominio dei computer utilizzati dagli utenti che si connettono al sito, gli indirizzi in notazione URI (Uniform Resource Identifier) delle risorse richieste, il modo utilizzato nel sottoporre la richiesta al server, la misura del file ottenuto come risposta, il codice numerico che indica lo stato del riscontro dato dal server (errore, buon fine, ecc.) l\u2019orario di richiesta, ed ulteriori parametri in riferimento all\u2019habitat informatico e al sistema operativo dell\u2019utente.<br \/>\nTali dati sono usati esclusivamente al fine di ottenere informazioni statistiche anonime riguardo la consultazione del sito e per verificare il corretto funzionamento del sito stesso. I dati stessi potrebbero essere usati solo su richiesta di organi di vigilanza preposti per accertare eventuali responsabilit\u00e0 in caso di ipotetici reati informatici ai danni del sito stesso.<\/p>\n<p><strong>Moduli di contatto<\/strong><br \/>\nL\u2019Utente, compilando con i propri Dati il modulo di contatto, acconsente al loro utilizzo per rispondere alle richieste di informazioni, di preventivo, o di qualunque altra natura indicata dall\u2019intestazione del modulo.<br \/>\nDati personali raccolti: CAP, Cognome, Data di Nascita, Email, Indirizzo, Nome, Numero di Telefono, Provincia, Ragione sociale, Sesso e Stato.<br \/>\nI servizi contenuti nella presente sezione permettono al Titolare del Trattamento di monitorare e analizzare i dati di traffico e servono a tener traccia del comportamento dell\u2019Utente.<\/p>\n<p><strong>Dati forniti spontaneamente dall\u2019utente<\/strong><br \/>\nL\u2019invio spontaneo, volontario e inequivocabile attraverso posta elettronica agli indirizzi segnalati o sugli appositi form di questo sito ne determina l\u2019acquisizione successiva dell\u2019indirizzo dell\u2019utente stesso, indirizzo necessario per rispondere alle richieste inoltrate, oltre agli eventuali ulteriori dati personali inseriti nella comunicazione. Sintesi di informative specifiche saranno successivamente visibili nelle pagine del sito organizzate per servizi a richiesta come per esempio l\u2019invio di richieste di lavoro, l\u2019iscrizione a newsletter, ecc.<\/p>\n<p><strong>Facoltativit\u00e0 del conferimento dei dati<\/strong><br \/>\nA parte quanto descritto per i dati di navigazione, l\u2019utente in completa libert\u00e0 pu\u00f2 fornire i dati personali riportati nei form di richiesta di FOX Food &amp; Snacks by\u00a0Elite\u00a0Hotel Residence o comunque indicati in contatti per sollecitare l\u2019invio di materiale informativo o di altre comunicazioni. La loro mancata fornitura pu\u00f2 determinare l\u2019impossibilit\u00e0 di ottenere le richieste dell\u2019utente stesso.<\/p>\n<p><strong>Avviso per i minorenni<\/strong><br \/>\nNessun utente di et\u00e0 inferiore ai 18 anni, senza autorizzazione dei genitori (o di chi ne fa le veci), potr\u00e0 inviare comunicazioni o informazioni a questo sito Web; inoltre non potr\u00e0 effettuare acquisti o perfezionare atti legali presso questo sito senza il suddetto consenso, a meno che ci\u00f2 non sia consentito dalle norme in vigore.<\/p>\n<p><strong>Modalit\u00e0 del trattamento dati<\/strong><br \/>\nI dati personali sono trattati in modo automatizzato per il tempo utile al conseguimento degli scopi per cui sono stati raccolti. Sono state adottate misure di sicurezza per prevenire la perdita dei dati, accessi a non autorizzati, usi impropri o illeciti degli stessi. I soggetti cui si riferiscono i dati personali hanno il diritto di ottenere in qualunque momento la conferma o meno dell\u2019esistenza, del contenuto e dell\u2019origine dei dati stessi, verificarne la correttezza, chiederne l\u2019integrazione, l\u2019aggiornamento, oppure la rettificazione (art.7 del D.Lgs. n\u00ba 196\/2003). Ai sensi del medesimo articolo si ha inoltre il diritto di chiedere la cancellazione, la modifica in forma anonima o il blocco dei dati trattati in violazione di legge, nonch\u00e8 di opporsi in ogni caso, per motivi legittimi, al loro trattamento. Per eventuali specifiche riguardanti il rispetto della politica (applicazione, accuratezza dei propri dati personali e\/o l\u2019utilizzo delle informazioni raccolte) per la tutela della privacy adottata da FOX Food &amp; Snacks by\u00a0Elite\u00a0Hotel Residence pu\u00f2 contattarci tramite e-mail all\u2019indirizzo: <a href=\"mailTo:info@elitehotel.it\">info@elitehotel.it<\/a><br \/>\n<\/div>\n<\/section>\n","protected":false},"excerpt":{"rendered":"","protected":false},"author":1,"featured_media":0,"parent":0,"menu_order":0,"comment_status":"closed","ping_status":"closed","template":"","meta":{"_acf_changed":false,"footnotes":""},"class_list":["post-802","page","type-page","status-publish","hentry"],"acf":[],"yoast_head":"<!-- This site is optimized with the Yoast SEO plugin v25.7 - https:\/\/yoast.com\/wordpress\/plugins\/seo\/ -->\n<title>privacy - Fox<\/title>\n<meta name=\"robots\" content=\"index, follow, max-snippet:-1, max-image-preview:large, max-video-preview:-1\" \/>\n<link rel=\"canonical\" href=\"https:\/\/www.elitefox.it\/en\/privacy\/\" \/>\n<meta property=\"og:locale\" content=\"en_US\" \/>\n<meta property=\"og:type\" content=\"article\" \/>\n<meta property=\"og:title\" content=\"privacy - Fox\" \/>\n<meta property=\"og:url\" content=\"https:\/\/www.elitefox.it\/en\/privacy\/\" \/>\n<meta property=\"og:site_name\" content=\"Fox\" \/>\n<meta property=\"article:modified_time\" content=\"2015-09-24T13:38:42+00:00\" \/>\n<meta name=\"twitter:card\" content=\"summary_large_image\" \/>\n<meta name=\"twitter:label1\" content=\"Est. reading time\" \/>\n\t<meta name=\"twitter:data1\" content=\"5 minutes\" \/>\n<script type=\"application\/ld+json\" class=\"yoast-schema-graph\">{\"@context\":\"https:\/\/schema.org\",\"@graph\":[{\"@type\":\"WebPage\",\"@id\":\"https:\/\/www.elitefox.it\/en\/privacy\/\",\"url\":\"https:\/\/www.elitefox.it\/en\/privacy\/\",\"name\":\"privacy - Fox\",\"isPartOf\":{\"@id\":\"https:\/\/www.elitefox.it\/#website\"},\"datePublished\":\"2015-06-24T15:18:56+00:00\",\"dateModified\":\"2015-09-24T13:38:42+00:00\",\"breadcrumb\":{\"@id\":\"https:\/\/www.elitefox.it\/en\/privacy\/#breadcrumb\"},\"inLanguage\":\"en-US\",\"potentialAction\":[{\"@type\":\"ReadAction\",\"target\":[\"https:\/\/www.elitefox.it\/en\/privacy\/\"]}]},{\"@type\":\"BreadcrumbList\",\"@id\":\"https:\/\/www.elitefox.it\/en\/privacy\/#breadcrumb\",\"itemListElement\":[{\"@type\":\"ListItem\",\"position\":1,\"name\":\"Home\",\"item\":\"https:\/\/www.elitefox.it\/\"},{\"@type\":\"ListItem\",\"position\":2,\"name\":\"privacy\"}]},{\"@type\":\"WebSite\",\"@id\":\"https:\/\/www.elitefox.it\/#website\",\"url\":\"https:\/\/www.elitefox.it\/\",\"name\":\"Fox\",\"description\":\"Restaurant Venice Mestre\",\"potentialAction\":[{\"@type\":\"SearchAction\",\"target\":{\"@type\":\"EntryPoint\",\"urlTemplate\":\"https:\/\/www.elitefox.it\/?s={search_term_string}\"},\"query-input\":{\"@type\":\"PropertyValueSpecification\",\"valueRequired\":true,\"valueName\":\"search_term_string\"}}],\"inLanguage\":\"en-US\"}]}<\/script>\n<!-- \/ Yoast SEO plugin. -->","yoast_head_json":{"title":"privacy - Fox","robots":{"index":"index","follow":"follow","max-snippet":"max-snippet:-1","max-image-preview":"max-image-preview:large","max-video-preview":"max-video-preview:-1"},"canonical":"https:\/\/www.elitefox.it\/en\/privacy\/","og_locale":"en_US","og_type":"article","og_title":"privacy - Fox","og_url":"https:\/\/www.elitefox.it\/en\/privacy\/","og_site_name":"Fox","article_modified_time":"2015-09-24T13:38:42+00:00","twitter_card":"summary_large_image","twitter_misc":{"Est. reading time":"5 minutes"},"schema":{"@context":"https:\/\/schema.org","@graph":[{"@type":"WebPage","@id":"https:\/\/www.elitefox.it\/en\/privacy\/","url":"https:\/\/www.elitefox.it\/en\/privacy\/","name":"privacy - Fox","isPartOf":{"@id":"https:\/\/www.elitefox.it\/#website"},"datePublished":"2015-06-24T15:18:56+00:00","dateModified":"2015-09-24T13:38:42+00:00","breadcrumb":{"@id":"https:\/\/www.elitefox.it\/en\/privacy\/#breadcrumb"},"inLanguage":"en-US","potentialAction":[{"@type":"ReadAction","target":["https:\/\/www.elitefox.it\/en\/privacy\/"]}]},{"@type":"BreadcrumbList","@id":"https:\/\/www.elitefox.it\/en\/privacy\/#breadcrumb","itemListElement":[{"@type":"ListItem","position":1,"name":"Home","item":"https:\/\/www.elitefox.it\/"},{"@type":"ListItem","position":2,"name":"privacy"}]},{"@type":"WebSite","@id":"https:\/\/www.elitefox.it\/#website","url":"https:\/\/www.elitefox.it\/","name":"Fox","description":"Restaurant Venice Mestre","potentialAction":[{"@type":"SearchAction","target":{"@type":"EntryPoint","urlTemplate":"https:\/\/www.elitefox.it\/?s={search_term_string}"},"query-input":{"@type":"PropertyValueSpecification","valueRequired":true,"valueName":"search_term_string"}}],"inLanguage":"en-US"}]}},"_links":{"self":[{"href":"https:\/\/www.elitefox.it\/en\/wp-json\/wp\/v2\/pages\/802","targetHints":{"allow":["GET"]}}],"collection":[{"href":"https:\/\/www.elitefox.it\/en\/wp-json\/wp\/v2\/pages"}],"about":[{"href":"https:\/\/www.elitefox.it\/en\/wp-json\/wp\/v2\/types\/page"}],"author":[{"embeddable":true,"href":"https:\/\/www.elitefox.it\/en\/wp-json\/wp\/v2\/users\/1"}],"replies":[{"embeddable":true,"href":"https:\/\/www.elitefox.it\/en\/wp-json\/wp\/v2\/comments?post=802"}],"version-history":[{"count":2,"href":"https:\/\/www.elitefox.it\/en\/wp-json\/wp\/v2\/pages\/802\/revisions"}],"predecessor-version":[{"id":977,"href":"https:\/\/www.elitefox.it\/en\/wp-json\/wp\/v2\/pages\/802\/revisions\/977"}],"wp:attachment":[{"href":"https:\/\/www.elitefox.it\/en\/wp-json\/wp\/v2\/media?parent=802"}],"curies":[{"name":"wp","href":"https:\/\/api.w.org\/{rel}","templated":true}]}}