{"id":806,"date":"2015-06-24T17:24:50","date_gmt":"2015-06-24T15:24:50","guid":{"rendered":"https:\/\/www.elitefox.it\/?page_id=806"},"modified":"2016-03-17T13:21:34","modified_gmt":"2016-03-17T12:21:34","slug":"cookie","status":"publish","type":"page","link":"https:\/\/www.elitefox.it\/en\/cookie\/","title":{"rendered":"cookie"},"content":{"rendered":"\n<section id=\"\" class=\"section bg-alter has-header text-left\">\n\n    <div class=\"container\"><\/p>\n<h3>Informazioni sui cookie<\/h3>\n<p>I siti Web si avvalgono di tecniche utili e intelligenti per aumentare la semplicit\u00e0 di utilizzo e rendere i siti pi\u00f9 interessanti per ogni visitatore. Una delle tecniche pi\u00f9 conosciute prevede il ricorso ai cookie. I cookie possono essere utilizzati dai proprietari di siti Web o da terze parti, ad esempio inserzionisti pubblicitari, che comunicano attraverso il sito Web visitato.<\/p>\n<p>I cookie sono piccoli file di testo che il sito Web memorizza nei computer degli utenti. Le informazioni contenute nei cookie possono essere utilizzate anche per tenere traccia dell\u2019esplorazione effettuata in diversi siti Web che si avvalgono dello stesso cookie.<\/p>\n<p>I cookie sono classificati in base alla durata e al sito che li ha impostati.<\/p>\n<p>Riteniamo che sia essenziale fornire agli utenti informazioni sui cookie di cui il nostro sito Web si avvale e sugli scopi per cui vengono utilizzati. L\u2019obiettivo \u00e8 triplice: garantire la vostra privacy, assicurare la semplicit\u00e0 di utilizzo e ottimizzare lo sviluppo dei nostri siti Web. La spiegazione riportata di seguito illustra pi\u00f9 dettagliatamente i cookie utilizzati nei nostri siti Web e i relativi scopi.<\/p>\n<h3>Cookie e relative funzionalit\u00e0<\/h3>\n<p>A seconda dei singoli obiettivi, si utilizzano cookie differenti.<br \/>\nDi seguito viene fornito un elenco dei tipi di cookie pi\u00f9 diffusi e degli scopi per cui vengono utilizzati.<\/p>\n<h4>Cookie di sessione<\/h4>\n<p>I cookie di sessione vengono archiviati temporaneamente nella memoria del computer durante l\u2019esplorazione di un sito, ad esempio, per tenere traccia della lingua scelta. I cookie di sessione rimangono memorizzati nel computer per un breve periodo di tempo. Vengono infatti eliminati non appena l\u2019utente chiude il browser Web.<\/p>\n<h4>Cookie permanenti o traccianti<\/h4>\n<p>I cookie permanenti salvano un file sul computer per un lungo periodo di tempo. Questo tipo di cookie possiede una data di scadenza. I cookie permanenti consentono ai siti Web di ricordare informazioni e impostazioni alle successive visite degli utenti, rendendo cos\u00ec l\u2019esplorazione pi\u00f9 pratica e rapida, poich\u00e9, ad esempio, non \u00e8 pi\u00f9 necessario effettuare l\u2019accesso.<\/p>\n<p>Alla data di scadenza, il cookie viene automaticamente eliminato quando si effettua il primo accesso al sito Web che lo ha creato.<\/p>\n<h4>Cookie di prime parti<\/h4>\n<p>Questi cookie vengono impostati dai siti Web stessi (con dominio uguale a quello indicato nella barra degli indirizzi del browser) e possono essere letti solo da tali siti. Vengono comunemente utilizzati per archiviare informazioni quali le preferenze, da utilizzare alle successive visite al sito.<\/p>\n<h4>Cookie di terze parti<\/h4>\n<p>Questi cookie vengono impostati da domini diversi da quello indicato nella barra degli indirizzi del browser, ovvero da organizzazioni che non corrispondono ai proprietari dei siti Web.<\/p>\n<p>I cookie utilizzati, ad esempio, per raccogliere informazioni a fini pubblicitari e di personalizzazione dei contenuti, oltre che per elaborare statistiche Web, possono essere \u201ccookie di terze parti\u201d.<\/p>\n<p>I cookie di terze parti consentono di ottenere sondaggi pi\u00f9 completi delle abitudini di esplorazione degli utenti e si ritiene che siano pi\u00f9 sensibili dal punto di vista dell\u2019integrit\u00e0. Per questo motivo, la maggior parte dei browser Web permette di modificare le impostazioni in modo che tali cookie non vengano accettati.<\/p>\n<h4>Cookie di Flash<\/h4>\n<p>I cookie di Flash (Oggetti Locali Condivisi) sono dati che possono essere archiviati nel computer dai siti Web che utilizzano Adobe Flash.<\/p>\n<p>Questi cookie offrono un nuovo metodo per tenere traccia dei movimenti e archiviare una quantit\u00e0 di informazioni sull\u2019utente decisamente superiore rispetto ai cookie normali. Uno dei principali svantaggi dei cookie di Flash \u00e8 l\u2019impossibilit\u00e0 di individuarli all\u2019interno del browser. Non risultano infatti presenti nell\u2019elenco che viene visualizzato quando si consultano i cookie attualmente presenti nel browser Web. I normali cookie HTTP non sono in grado di memorizzare pi\u00f9 di 4 Kilobyte di dati, mentre i cookie di Flash possono salvare fino a 100 Kilobyte.<\/p>\n<p>La progettazione tecnologica dei cookie di Flash \u00e8 simile a quella dei cookie. Quasi tutti i browser Web dispongono di un lettore Flash che viene utilizzato per visualizzare le presentazioni Flash. Un esempio famoso di presentazioni Flash \u00e8 il lettore video del sito YouTube. (I cookie di Flash non sono associati solo a YouTube, ma sono validi per tutti i siti Web che utilizzano i cookie di Flash).<\/p>\n<p>Per i cookie di Flash non \u00e8 previsto alcun limite di tempo. Rimangono quindi archiviati fino a quando si procede a eliminarli.<\/p>\n<p><strong>Come disattivare i cookie di Flash<\/strong><br \/>\nI cookie di Flash non possono essere bloccati o gestiti nel browser, poich\u00e9 vengono archiviati in un\u2019altra posizione, ovvero nel pannello Impostazioni generali della memorizzazione presente nella risorsa online Gestione impostazioni del sito di Adobe.<\/p>\n<p>A Gestione impostazioni si accede dal sito Web Adobe, ma viene eseguito a livello locale nel computer. In Impostazioni della memorizzazione dei siti Web vengono visualizzati tutti i cookie di Flash attualmente archiviati nel computer. Questi cookie possono essere eliminati individualmente dai singoli siti o tutti insieme. \u00c8 inoltre possibile aumentare o ridurre le dimensioni in Kilobyte di tutte le informazioni archiviate nel computer.<\/p>\n<p>Per evitare la memorizzazione dei cookie di Flash, \u00e8 sufficiente accedere a Impostazioni generali della memorizzazione e disattivare l\u2019opzione \u201cConsenti a contenuto Flash di terze parti di memorizzare dati sul computer\u201d.<\/p>\n<p>Per disattivare i cookie di Flash sito per sito, \u00e8 necessario accedere a Gestione impostazioni.<\/p>\n<p>Se i cookie di Flash vengono disattivati, non potremo pi\u00f9 garantire la corretta esecuzione di tutte le funzioni del nostro sito Web.<\/p>\n<h3>Cookie Utilizzati<\/h3>\n<h4>Cookie propri<\/h4>\n<p><strong>cookie_notice_accepted e<\/strong><strong> ce-cookie<\/strong><br \/>\nUtilizzato per memorizzare la scelta dell\u2019utente sull\u2019autorizzazione all\u2019utilizzo dei cookies<\/p>\n<h4>Cookie di terze parti<\/h4>\n<p><strong>WordPress<\/strong><br \/>\nSito \u00e8 costruito con WordPress. WordPress usa cookie che sono necessari per il corretto utilizzo del sito. Se tali cookies non sono accettati il sito non pu\u00f2 funzionare come previsto.<br \/>\nPer maggiori informazioni: <a href=\"http:\/\/wordpress.org\">wordpress.org<\/a><\/p>\n<p><strong>Google Analytics<\/strong><br \/>\nQuesto sito web utilizza Google Analytics, un servizio di analisi web fornito da Google, Inc. (\u201cGoogle\u201d).<br \/>\nGoogle Analytics utilizza dei \u201ccookies\u201d, che sono file di testo depositati sul Vostro computer per consentire al sito web di analizzare come gli utenti utilizzano il sito. Le informazioni generate dal cookies sull\u2019utilizzo del sito web (compreso il Vostro indirizzo IP anonimo) verranno trasmesse e depositate presso i server di Google negli Stati Uniti. Google utilizzer\u00e0 queste informazioni allo scopo di esaminare il Vostro utilizzo del sito web, compilare report sulle attivit\u00e0 del sito per gli operatori dello stesso e fornire altri servizi relativi alle attivit\u00e0 del sito web e all\u2019utilizzo di internet. Google pu\u00f2 anche trasferire queste informazioni a terzi ove ci\u00f2 sia imposto dalla legge o laddove tali terzi trattino le suddette informazioni per conto di Google. Google non assocer\u00e0 il vostro indirizzo IP a nessun altro dato posseduto da Google. Potete rifiutarvi di usare i cookies selezionando l\u2019impostazione appropriata sul vostro browser, ma si prega di notare che se si fa questo non si pu\u00f2 essere in grado di utilizzare tutte le funzionalit\u00e0 di questo sito web. Utilizzando il presente sito web, voi acconsentite al trattamento dei Vostri dati da parte di Google per le modalit\u00e0 ed i fini sopraindicati.<br \/>\nSi pu\u00f2 impedire a Google il rilevamento di un cookie che viene generato a causa di e legato al Vostro utilizzo di questo sito web (compreso il Vostro indirizzo IP) e l\u2019elaborazione di tali dati scaricando e installando <a href=\"http:\/\/tools.google.com\/dlpage\/gaoptout?hl=en\">questo plugin<\/a> per il browser.<\/p>\n<p><strong>Facebook<\/strong><br \/>\nI pulsanti sono inclusi cos\u00ec gli utenti possono promuovere o condividere pagine attraverso le reti di social media Facebook . Questi pulsanti social media funzionano con cookie di terze parti. Se si fa clic su questi pulsanti , questi cookie vengono inviati al rispettivo servizio .<\/p>\n<h3>Come gestire i cookie sul tuo PC<\/h3>\n<p>Se si desidera consentire i cookie dal nostro sito, si prega di seguire i passaggi riportati di seguito,<\/p>\n<p><strong>Google Chrome<\/strong><\/p>\n<p>1. Clicca su \u201cStrumenti\u201d nella parte superiore della finestra del browser e selezionare Opzioni<\/p>\n<p>2. Fai clic sulla scheda \u2018Roba da smanettoni\u2019 , individua la sezione \u2018Privacy\u2019, e seleziona il pulsante \u201cImpostazioni contenuto\u201d<\/p>\n<p>3. Ora seleziona \u2018Consenti dati locali da impostare\u2019<\/p>\n<p><strong>Microsoft Internet Explorer 6.0, 7.0, 8.0, 9.0<\/strong><\/p>\n<p>1. Clicca su \u201cStrumenti\u201d nella parte superiore della finestra del browser e seleziona \u2018Opzioni Internet\u2019, quindi fai clic sulla scheda \u2018Privacy\u2019<\/p>\n<p>2. Per attivare i cookie nel tuo browser, assicurati che il livello di privacy \u00e8 impostato su Medio o al di sotto,<\/p>\n<p>3. Impostando il livello di privacy sopra il Medio disattiverai l\u2019utilizzo dei cookies.<\/p>\n<p><strong>Mozilla Firefox<\/strong><\/p>\n<p>1. Clicca su \u201cStrumenti\u201d nella parte superiore della finestra del browser e seleziona \u201cOpzioni\u201d<\/p>\n<p>2. Quindi seleziona l\u2019icona Privacy<\/p>\n<p>3. Fai clic su Cookie, quindi seleziona \u2018permetto ai siti l\u2019utilizzo dei cookie\u2019<\/p>\n<p><strong>Safari<\/strong><\/p>\n<p>1. Fai clic sull\u2019icona Cog nella parte superiore della finestra del browser e seleziona l\u2019opzione \u201cPreferenze\u201d<\/p>\n<p>2. Fai clic su \u2018Protezione\u2019, seleziona l\u2019opzione che dice \u2018Blocco di terze parti e di cookie per la pubblicit\u00e0\u2019<\/p>\n<p>3. Fai clic su \u2018Salva\u2019<\/p>\n<p><strong>Come gestire i cookie su Mac<\/strong><\/p>\n<p>Se si desidera consentire i cookie dal nostro sito, si prega di seguire i passaggi riportati di seguito:<\/p>\n<p><strong>Microsoft Internet Explorer 5.0 su OSX<\/strong><\/p>\n<p>1. Fai clic su \u2018Esplora\u2019 nella parte superiore della finestra del browser e seleziona l\u2019opzione \u201cPreferenze\u201d<\/p>\n<p>2. Scorri verso il basso fino a visualizzare \u201cCookie\u201d nella sezione File Ricezione<\/p>\n<p>3. Seleziona l\u2019opzione \u2018Non chiedere\u2019<\/p>\n<p><strong>Safari su OSX<\/strong><\/p>\n<p>1. Fai clic su \u2018Safari\u2019 nella parte superiore della finestra del browser e seleziona l\u2019opzione \u201cPreferenze\u201d<\/p>\n<p>2. Fai clic su \u2018Sicurezza\u2019 e poi \u2018Accetta i cookie\u2019<\/p>\n<p>3. Seleziona \u201cSolo dal sito\u201d<\/p>\n<p><strong>Mozilla e Netscape su OSX<\/strong><\/p>\n<p>1. Fai clic su \u2018Mozilla\u2019 o \u2018Netscape\u2019 nella parte superiore della finestra del browser e seleziona l\u2019opzione \u201cPreferenze\u201d<\/p>\n<p>2. Scorri verso il basso fino a visualizzare i cookie sotto \u2018Privacy e sicurezza\u2019<\/p>\n<p>3. Seleziona \u2018Abilita i cookie solo per il sito di origine\u2019<\/p>\n<p><strong>Opera<\/strong><\/p>\n<p>1. Fai clic su \u2018Menu\u2019 nella parte superiore della finestra del browser e seleziona \u201cImpostazioni\u201d<\/p>\n<p>2. Quindi seleziona \u201cPreferenze\u201d, seleziona la scheda \u2018Avanzate\u2019<\/p>\n<p>3. Quindi seleziona l\u2019opzione \u2018Accetta i cookie \u201d<\/p>\n<h4>Disattivazione\/attivazione o eliminazione dei cookie<\/h4>\n<p>I cookie possono essere limitati o bloccati mediante le impostazioni del browser.<\/p>\n<p>Se preferite che i siti Web non memorizzino alcun cookie nel vostro computer, impostate il browser in modo da ricevere una notifica prima dell\u2019archiviazione di ogni cookie. In alternativa, potete impostare il browser in modo che rifiuti tutti i cookie o solo i cookie di terze parti. Potete anche eliminare tutti i cookie gi\u00e0 presenti nel sistema. \u00c8 importante sottolineare che le impostazioni devono essere modificate separatamente in ogni browser e computer utilizzato.<\/p>\n<p>Se impostate il blocco della memorizzazione dei cookie, non possiamo pi\u00f9 garantire un corretto funzionamento del sito Web. Alcune funzioni del sito potrebbero risultare non disponibili e potrebbe non essere pi\u00f9 possibile visualizzare determinati siti Web. Inoltre, il blocco dei cookie non elimina la visualizzazione degli annunci pubblicitari. Semplicemente, questi non saranno pi\u00f9 personalizzati in base ai vostri interessi e verranno riproposti con maggiore frequenza.<\/p>\n<p>In ogni browser le impostazioni vengono modificate seguendo una diversa procedura. Se necessario, per definire impostazioni corrette utilizzate la funzione di Guida del browser.<\/p>\n<p>Per disattivare i cookie su un telefono cellulare, consultate il relativo manuale per reperire ulteriori informazioni.<\/p>\n<p>Informazioni pi\u00f9 dettagliate relative ai cookie su Internet sono disponibili all\u2019indirizzo <a href=\"http:\/\/www.aboutcookies.org\/\">www.aboutcookies.org<\/a><\/p>\n<p><\/div>\n<\/section>\n","protected":false},"excerpt":{"rendered":"","protected":false},"author":1,"featured_media":0,"parent":0,"menu_order":0,"comment_status":"closed","ping_status":"closed","template":"","meta":{"_acf_changed":false,"footnotes":""},"class_list":["post-806","page","type-page","status-publish","hentry"],"acf":[],"yoast_head":"<!-- This site is optimized with the Yoast SEO plugin v25.7 - https:\/\/yoast.com\/wordpress\/plugins\/seo\/ -->\n<title>cookie - Fox<\/title>\n<meta name=\"robots\" content=\"index, follow, max-snippet:-1, max-image-preview:large, max-video-preview:-1\" \/>\n<link rel=\"canonical\" href=\"https:\/\/www.elitefox.it\/en\/cookie\/\" \/>\n<meta property=\"og:locale\" content=\"en_US\" \/>\n<meta property=\"og:type\" content=\"article\" \/>\n<meta property=\"og:title\" content=\"cookie - Fox\" \/>\n<meta property=\"og:url\" content=\"https:\/\/www.elitefox.it\/en\/cookie\/\" \/>\n<meta property=\"og:site_name\" content=\"Fox\" \/>\n<meta property=\"article:modified_time\" content=\"2016-03-17T12:21:34+00:00\" \/>\n<meta name=\"twitter:card\" content=\"summary_large_image\" \/>\n<meta name=\"twitter:label1\" content=\"Est. reading time\" \/>\n\t<meta name=\"twitter:data1\" content=\"9 minutes\" \/>\n<script type=\"application\/ld+json\" class=\"yoast-schema-graph\">{\"@context\":\"https:\/\/schema.org\",\"@graph\":[{\"@type\":\"WebPage\",\"@id\":\"https:\/\/www.elitefox.it\/en\/cookie\/\",\"url\":\"https:\/\/www.elitefox.it\/en\/cookie\/\",\"name\":\"cookie - Fox\",\"isPartOf\":{\"@id\":\"https:\/\/www.elitefox.it\/#website\"},\"datePublished\":\"2015-06-24T15:24:50+00:00\",\"dateModified\":\"2016-03-17T12:21:34+00:00\",\"breadcrumb\":{\"@id\":\"https:\/\/www.elitefox.it\/en\/cookie\/#breadcrumb\"},\"inLanguage\":\"en-US\",\"potentialAction\":[{\"@type\":\"ReadAction\",\"target\":[\"https:\/\/www.elitefox.it\/en\/cookie\/\"]}]},{\"@type\":\"BreadcrumbList\",\"@id\":\"https:\/\/www.elitefox.it\/en\/cookie\/#breadcrumb\",\"itemListElement\":[{\"@type\":\"ListItem\",\"position\":1,\"name\":\"Home\",\"item\":\"https:\/\/www.elitefox.it\/\"},{\"@type\":\"ListItem\",\"position\":2,\"name\":\"cookie\"}]},{\"@type\":\"WebSite\",\"@id\":\"https:\/\/www.elitefox.it\/#website\",\"url\":\"https:\/\/www.elitefox.it\/\",\"name\":\"Fox\",\"description\":\"Restaurant Venice Mestre\",\"potentialAction\":[{\"@type\":\"SearchAction\",\"target\":{\"@type\":\"EntryPoint\",\"urlTemplate\":\"https:\/\/www.elitefox.it\/?s={search_term_string}\"},\"query-input\":{\"@type\":\"PropertyValueSpecification\",\"valueRequired\":true,\"valueName\":\"search_term_string\"}}],\"inLanguage\":\"en-US\"}]}<\/script>\n<!-- \/ Yoast SEO plugin. -->","yoast_head_json":{"title":"cookie - Fox","robots":{"index":"index","follow":"follow","max-snippet":"max-snippet:-1","max-image-preview":"max-image-preview:large","max-video-preview":"max-video-preview:-1"},"canonical":"https:\/\/www.elitefox.it\/en\/cookie\/","og_locale":"en_US","og_type":"article","og_title":"cookie - Fox","og_url":"https:\/\/www.elitefox.it\/en\/cookie\/","og_site_name":"Fox","article_modified_time":"2016-03-17T12:21:34+00:00","twitter_card":"summary_large_image","twitter_misc":{"Est. reading time":"9 minutes"},"schema":{"@context":"https:\/\/schema.org","@graph":[{"@type":"WebPage","@id":"https:\/\/www.elitefox.it\/en\/cookie\/","url":"https:\/\/www.elitefox.it\/en\/cookie\/","name":"cookie - Fox","isPartOf":{"@id":"https:\/\/www.elitefox.it\/#website"},"datePublished":"2015-06-24T15:24:50+00:00","dateModified":"2016-03-17T12:21:34+00:00","breadcrumb":{"@id":"https:\/\/www.elitefox.it\/en\/cookie\/#breadcrumb"},"inLanguage":"en-US","potentialAction":[{"@type":"ReadAction","target":["https:\/\/www.elitefox.it\/en\/cookie\/"]}]},{"@type":"BreadcrumbList","@id":"https:\/\/www.elitefox.it\/en\/cookie\/#breadcrumb","itemListElement":[{"@type":"ListItem","position":1,"name":"Home","item":"https:\/\/www.elitefox.it\/"},{"@type":"ListItem","position":2,"name":"cookie"}]},{"@type":"WebSite","@id":"https:\/\/www.elitefox.it\/#website","url":"https:\/\/www.elitefox.it\/","name":"Fox","description":"Restaurant Venice Mestre","potentialAction":[{"@type":"SearchAction","target":{"@type":"EntryPoint","urlTemplate":"https:\/\/www.elitefox.it\/?s={search_term_string}"},"query-input":{"@type":"PropertyValueSpecification","valueRequired":true,"valueName":"search_term_string"}}],"inLanguage":"en-US"}]}},"_links":{"self":[{"href":"https:\/\/www.elitefox.it\/en\/wp-json\/wp\/v2\/pages\/806","targetHints":{"allow":["GET"]}}],"collection":[{"href":"https:\/\/www.elitefox.it\/en\/wp-json\/wp\/v2\/pages"}],"about":[{"href":"https:\/\/www.elitefox.it\/en\/wp-json\/wp\/v2\/types\/page"}],"author":[{"embeddable":true,"href":"https:\/\/www.elitefox.it\/en\/wp-json\/wp\/v2\/users\/1"}],"replies":[{"embeddable":true,"href":"https:\/\/www.elitefox.it\/en\/wp-json\/wp\/v2\/comments?post=806"}],"version-history":[{"count":4,"href":"https:\/\/www.elitefox.it\/en\/wp-json\/wp\/v2\/pages\/806\/revisions"}],"predecessor-version":[{"id":1122,"href":"https:\/\/www.elitefox.it\/en\/wp-json\/wp\/v2\/pages\/806\/revisions\/1122"}],"wp:attachment":[{"href":"https:\/\/www.elitefox.it\/en\/wp-json\/wp\/v2\/media?parent=806"}],"curies":[{"name":"wp","href":"https:\/\/api.w.org\/{rel}","templated":true}]}}