{"id":42,"date":"2015-01-05T16:50:55","date_gmt":"2015-01-05T16:50:55","guid":{"rendered":"http:\/\/www.livelygreen.com\/themes\/highgrove\/data\/?page_id=42"},"modified":"2023-09-01T09:34:34","modified_gmt":"2023-09-01T07:34:34","slug":"chi-siamo","status":"publish","type":"page","link":"https:\/\/www.elitefox.it\/es\/quien-somos\/","title":{"rendered":"Quien somos"},"content":{"rendered":"\n<section id=\"\" class=\"section bg-alter has-header text-left\">\n\n    <div class=\"container\"><p class=\"dropcap\">El FOX es una idea del ELITE hotel residence, es sal\u00f3n reservado, restaurante, pizzeria, de verano adornada por un jard\u00edn. Es un cofre intrigante que junta sabores aut\u00e9nticos con las personas que lo viven, es espacio de m\u00fasica magn\u00e9tica que acompa\u00f1an ratos de placer y relax. Pueden definir \u201cgastro-pub\u201d este sitio que se abre con un sal\u00f3n reservado y sigue en el comedor. El FOX es un lugar con muchas funciones y abierto 6 dias a la semana. Un estilo acogedor y relajado, con comida simple y casera con los mejores ingredientes disponibles. Entregarse a un total relajamiento en un suave sill\u00f3n, probar una bebida o un plato aut\u00e9ntico escuchando buena m\u00fasica y cruzando miradas amigas, este es el FOX, el sitio que no exist\u00eda. <\/p><\/p>\n<div class=\"row img_chi\">\n<div class=\"col col-lg-6\"><a href=\"https:\/\/www.elitefox.it\/wp-content\/uploads\/2015\/01\/Hotel-Elite-Pub-1.jpg\" rel=\"prettyPhoto\"><img loading=\"lazy\" decoding=\"async\" class=\"alignnone size-full wp-image-402\" src=\"https:\/\/www.elitefox.it\/wp-content\/uploads\/2015\/01\/Hotel-Elite-Pub-1.jpg\" alt=\"\" width=\"900\" height=\"600\" srcset=\"https:\/\/www.elitefox.it\/wp-content\/uploads\/2015\/01\/Hotel-Elite-Pub-1.jpg 900w, https:\/\/www.elitefox.it\/wp-content\/uploads\/2015\/01\/Hotel-Elite-Pub-1-300x200.jpg 300w, https:\/\/www.elitefox.it\/wp-content\/uploads\/2015\/01\/Hotel-Elite-Pub-1-360x240.jpg 360w, https:\/\/www.elitefox.it\/wp-content\/uploads\/2015\/01\/Hotel-Elite-Pub-1-640x427.jpg 640w\" sizes=\"auto, (max-width: 900px) 100vw, 900px\" \/><\/a><\/div>\n<div class=\"col col-lg-6\"><a href=\"https:\/\/www.elitefox.it\/wp-content\/uploads\/2015\/01\/chi-siamo-img.jpg\" rel=\"prettyPhoto\"><img loading=\"lazy\" decoding=\"async\" class=\"alignnone size-full wp-image-925\" src=\"https:\/\/www.elitefox.it\/wp-content\/uploads\/2015\/01\/chi-siamo-img.jpg\" alt=\"\" width=\"900\" height=\"600\" srcset=\"https:\/\/www.elitefox.it\/wp-content\/uploads\/2015\/01\/chi-siamo-img.jpg 900w, https:\/\/www.elitefox.it\/wp-content\/uploads\/2015\/01\/chi-siamo-img-300x200.jpg 300w, https:\/\/www.elitefox.it\/wp-content\/uploads\/2015\/01\/chi-siamo-img-360x240.jpg 360w, https:\/\/www.elitefox.it\/wp-content\/uploads\/2015\/01\/chi-siamo-img-640x427.jpg 640w\" sizes=\"auto, (max-width: 900px) 100vw, 900px\" \/><\/a><\/div>\n<\/div>\n<div class=\"hr\"><\/div>\n<div id=\"snacks\"><\/div>\n<p><div class=\"row\"><div class=\"col col-lg-6\"><a href=\"https:\/\/www.elitefox.it\/wp-content\/uploads\/2015\/01\/snacks.jpg\" rel=\"prettyPhoto\"><img loading=\"lazy\" decoding=\"async\" class=\"alignnone wp-image-771 size-full\" title=\"Fox Elite Pub Desserts\" src=\"https:\/\/www.elitefox.it\/wp-content\/uploads\/2015\/01\/snacks.jpg\" alt=\"\" width=\"900\" height=\"600\" srcset=\"https:\/\/www.elitefox.it\/wp-content\/uploads\/2015\/01\/snacks.jpg 900w, https:\/\/www.elitefox.it\/wp-content\/uploads\/2015\/01\/snacks-300x200.jpg 300w, https:\/\/www.elitefox.it\/wp-content\/uploads\/2015\/01\/snacks-360x240.jpg 360w, https:\/\/www.elitefox.it\/wp-content\/uploads\/2015\/01\/snacks-640x427.jpg 640w\" sizes=\"auto, (max-width: 900px) 100vw, 900px\" \/><\/a><\/div> <div class=\"col col-lg-6\"><div class=\"panel panel-default\"><div class=\"panel-top\"><span><\/span><\/div><div class=\"panel-heading\"><h3 class=\"panel-title\">Postre, Comida R\u00e1pida y Relajamiento<\/h3><\/div><div class=\"panel-body\">Una pizza, una pinsa o una hamburguesa, con la complicidad de una rica cerveza pueden enriquecer tus instantes en el FOX. Y porque no probar nuestros flanes caseros, hechos para seducir tu paladar?<\/div><\/div><\/div><\/div> <hr class=\"transparent\"> <div class=\"row\"><div class=\"col col-lg-6\"><a href=\"https:\/\/www.elitefox.it\/wp-content\/uploads\/2015\/01\/Cocktail-Fox.jpg\" rel=\"prettyPhoto\"><img loading=\"lazy\" decoding=\"async\" class=\"img-responsive aligncenter wp-image-2155 size-large\" title=\"\" src=\"https:\/\/www.elitefox.it\/wp-content\/uploads\/2015\/01\/Cocktail-Fox.jpg\" alt=\"\" width=\"900\" height=\"600\" \/><\/a><\/div> <div class=\"col col-lg-6\"><div class=\"panel panel-default\"><div class=\"panel-top\"><span><\/span><\/div><div class=\"panel-heading\"><h3 class=\"panel-title\">C\u00f3ctel<\/h3><\/div><div class=\"panel-body\">Mezclar los ingredientes hasta obtener un c\u00f3ctel quiz\u00e1s sea lo que m\u00e1s fascina y deleita los que aman beber, porque sabe regalar a trav\u00e9s de alqu\u00edmicas bebidas, una serie sin fin de emociones y sensaciones.<\/div><\/div> <\/div><\/div> <hr class=\"transparent\"> <div class=\"row\"><div class=\"col col-lg-6\"> <a href=\"https:\/\/www.elitefox.it\/wp-content\/uploads\/2015\/01\/party.jpg\" rel=\"prettyPhoto\"> <img loading=\"lazy\" decoding=\"async\" class=\"alignnone wp-image-772 size-full\" title=\"Happy hour\" src=\"https:\/\/www.elitefox.it\/wp-content\/uploads\/2015\/01\/party.jpg\" alt=\"\" width=\"900\" height=\"600\" srcset=\"https:\/\/www.elitefox.it\/wp-content\/uploads\/2015\/01\/party.jpg 900w, https:\/\/www.elitefox.it\/wp-content\/uploads\/2015\/01\/party-300x200.jpg 300w, https:\/\/www.elitefox.it\/wp-content\/uploads\/2015\/01\/party-360x240.jpg 360w, https:\/\/www.elitefox.it\/wp-content\/uploads\/2015\/01\/party-640x427.jpg 640w\" sizes=\"auto, (max-width: 900px) 100vw, 900px\" \/><\/a> <\/div> <div class=\"col col-lg-6\"> <div class=\"panel panel-default\"><div class=\"panel-top\"><span><\/span><\/div><div class=\"panel-heading\"><h3 class=\"panel-title\">Happy Hour<\/h3><\/div><div class=\"panel-body\"> La satisfacci\u00f3n de hospedar personas para celebrar algo todos juntos : un cumplea\u00f1os, una licenciatura, un ascenso, una despedida\u2026 y ver que todo funciona a la perfecci\u00f3n, que los convidados se divierten, que nosotros nos divertimos (y somos el centro de atenci\u00f3n, pues admit\u00e1moslo) \u00e9s impagable. Una fiesta requiere una atenta preparaci\u00f3n, una cuidadosa organizaci\u00f3n y una gesti\u00f3n continua durante su desarrollo. El FOX te espera para organizar un party que vuestros amigos no van a olvidarse. Ll\u00e1manos: +39 041 0986031 o env\u00edanos un correo a: <a href=\"mailto:info@elitehotel.it\">info@elitehotel.it<\/a>. <\/div><\/div> <\/div><\/div> <\/div>\n<\/section>\n","protected":false},"excerpt":{"rendered":"<p>FOX FOOD &#038; SNACKS<\/p>\n","protected":false},"author":1,"featured_media":0,"parent":0,"menu_order":0,"comment_status":"closed","ping_status":"closed","template":"","meta":{"_acf_changed":false,"footnotes":""},"class_list":["post-42","page","type-page","status-publish","hentry"],"acf":[],"yoast_head":"<!-- This site is optimized with the Yoast SEO plugin v25.7 - https:\/\/yoast.com\/wordpress\/plugins\/seo\/ -->\n<title>Quien somos - Fox<\/title>\n<meta name=\"robots\" content=\"index, follow, max-snippet:-1, max-image-preview:large, max-video-preview:-1\" \/>\n<link rel=\"canonical\" href=\"https:\/\/www.elitefox.it\/chi-siamo\/\" \/>\n<meta property=\"og:locale\" content=\"es_ES\" \/>\n<meta property=\"og:type\" content=\"article\" \/>\n<meta property=\"og:title\" content=\"Quien somos - Fox\" \/>\n<meta property=\"og:description\" content=\"FOX FOOD &amp; SNACKS\" \/>\n<meta property=\"og:url\" content=\"https:\/\/www.elitefox.it\/chi-siamo\/\" \/>\n<meta property=\"og:site_name\" content=\"Fox\" \/>\n<meta property=\"article:modified_time\" content=\"2023-09-01T07:34:34+00:00\" \/>\n<meta property=\"og:image\" content=\"https:\/\/www.elitefox.it\/wp-content\/uploads\/2015\/01\/Hotel-Elite-Pub-1.jpg\" \/>\n<meta name=\"twitter:card\" content=\"summary_large_image\" \/>\n<meta name=\"twitter:label1\" content=\"Tiempo de lectura\" \/>\n\t<meta name=\"twitter:data1\" content=\"9 minutos\" \/>\n<script type=\"application\/ld+json\" class=\"yoast-schema-graph\">{\"@context\":\"https:\/\/schema.org\",\"@graph\":[{\"@type\":\"WebPage\",\"@id\":\"https:\/\/www.elitefox.it\/chi-siamo\/\",\"url\":\"https:\/\/www.elitefox.it\/chi-siamo\/\",\"name\":\"Quien somos - Fox\",\"isPartOf\":{\"@id\":\"https:\/\/www.elitefox.it\/#website\"},\"primaryImageOfPage\":{\"@id\":\"https:\/\/www.elitefox.it\/chi-siamo\/#primaryimage\"},\"image\":{\"@id\":\"https:\/\/www.elitefox.it\/chi-siamo\/#primaryimage\"},\"thumbnailUrl\":\"https:\/\/www.elitefox.it\/wp-content\/uploads\/2015\/01\/Hotel-Elite-Pub-1.jpg\",\"datePublished\":\"2015-01-05T16:50:55+00:00\",\"dateModified\":\"2023-09-01T07:34:34+00:00\",\"breadcrumb\":{\"@id\":\"https:\/\/www.elitefox.it\/chi-siamo\/#breadcrumb\"},\"inLanguage\":\"es\",\"potentialAction\":[{\"@type\":\"ReadAction\",\"target\":[\"https:\/\/www.elitefox.it\/chi-siamo\/\"]}]},{\"@type\":\"ImageObject\",\"inLanguage\":\"es\",\"@id\":\"https:\/\/www.elitefox.it\/chi-siamo\/#primaryimage\",\"url\":\"https:\/\/www.elitefox.it\/wp-content\/uploads\/2015\/01\/Hotel-Elite-Pub-1.jpg\",\"contentUrl\":\"https:\/\/www.elitefox.it\/wp-content\/uploads\/2015\/01\/Hotel-Elite-Pub-1.jpg\"},{\"@type\":\"BreadcrumbList\",\"@id\":\"https:\/\/www.elitefox.it\/chi-siamo\/#breadcrumb\",\"itemListElement\":[{\"@type\":\"ListItem\",\"position\":1,\"name\":\"Home\",\"item\":\"https:\/\/www.elitefox.it\/\"},{\"@type\":\"ListItem\",\"position\":2,\"name\":\"Chi siamo\"}]},{\"@type\":\"WebSite\",\"@id\":\"https:\/\/www.elitefox.it\/#website\",\"url\":\"https:\/\/www.elitefox.it\/\",\"name\":\"Fox\",\"description\":\"Restaurant Venice Mestre\",\"potentialAction\":[{\"@type\":\"SearchAction\",\"target\":{\"@type\":\"EntryPoint\",\"urlTemplate\":\"https:\/\/www.elitefox.it\/?s={search_term_string}\"},\"query-input\":{\"@type\":\"PropertyValueSpecification\",\"valueRequired\":true,\"valueName\":\"search_term_string\"}}],\"inLanguage\":\"es\"}]}<\/script>\n<!-- \/ Yoast SEO plugin. -->","yoast_head_json":{"title":"Quien somos - Fox","robots":{"index":"index","follow":"follow","max-snippet":"max-snippet:-1","max-image-preview":"max-image-preview:large","max-video-preview":"max-video-preview:-1"},"canonical":"https:\/\/www.elitefox.it\/chi-siamo\/","og_locale":"es_ES","og_type":"article","og_title":"Quien somos - Fox","og_description":"FOX FOOD & SNACKS","og_url":"https:\/\/www.elitefox.it\/chi-siamo\/","og_site_name":"Fox","article_modified_time":"2023-09-01T07:34:34+00:00","og_image":[{"url":"https:\/\/www.elitefox.it\/wp-content\/uploads\/2015\/01\/Hotel-Elite-Pub-1.jpg","type":"","width":"","height":""}],"twitter_card":"summary_large_image","twitter_misc":{"Tiempo de lectura":"9 minutos"},"schema":{"@context":"https:\/\/schema.org","@graph":[{"@type":"WebPage","@id":"https:\/\/www.elitefox.it\/chi-siamo\/","url":"https:\/\/www.elitefox.it\/chi-siamo\/","name":"Quien somos - Fox","isPartOf":{"@id":"https:\/\/www.elitefox.it\/#website"},"primaryImageOfPage":{"@id":"https:\/\/www.elitefox.it\/chi-siamo\/#primaryimage"},"image":{"@id":"https:\/\/www.elitefox.it\/chi-siamo\/#primaryimage"},"thumbnailUrl":"https:\/\/www.elitefox.it\/wp-content\/uploads\/2015\/01\/Hotel-Elite-Pub-1.jpg","datePublished":"2015-01-05T16:50:55+00:00","dateModified":"2023-09-01T07:34:34+00:00","breadcrumb":{"@id":"https:\/\/www.elitefox.it\/chi-siamo\/#breadcrumb"},"inLanguage":"es","potentialAction":[{"@type":"ReadAction","target":["https:\/\/www.elitefox.it\/chi-siamo\/"]}]},{"@type":"ImageObject","inLanguage":"es","@id":"https:\/\/www.elitefox.it\/chi-siamo\/#primaryimage","url":"https:\/\/www.elitefox.it\/wp-content\/uploads\/2015\/01\/Hotel-Elite-Pub-1.jpg","contentUrl":"https:\/\/www.elitefox.it\/wp-content\/uploads\/2015\/01\/Hotel-Elite-Pub-1.jpg"},{"@type":"BreadcrumbList","@id":"https:\/\/www.elitefox.it\/chi-siamo\/#breadcrumb","itemListElement":[{"@type":"ListItem","position":1,"name":"Home","item":"https:\/\/www.elitefox.it\/"},{"@type":"ListItem","position":2,"name":"Chi siamo"}]},{"@type":"WebSite","@id":"https:\/\/www.elitefox.it\/#website","url":"https:\/\/www.elitefox.it\/","name":"Fox","description":"Restaurant Venice Mestre","potentialAction":[{"@type":"SearchAction","target":{"@type":"EntryPoint","urlTemplate":"https:\/\/www.elitefox.it\/?s={search_term_string}"},"query-input":{"@type":"PropertyValueSpecification","valueRequired":true,"valueName":"search_term_string"}}],"inLanguage":"es"}]}},"_links":{"self":[{"href":"https:\/\/www.elitefox.it\/es\/wp-json\/wp\/v2\/pages\/42","targetHints":{"allow":["GET"]}}],"collection":[{"href":"https:\/\/www.elitefox.it\/es\/wp-json\/wp\/v2\/pages"}],"about":[{"href":"https:\/\/www.elitefox.it\/es\/wp-json\/wp\/v2\/types\/page"}],"author":[{"embeddable":true,"href":"https:\/\/www.elitefox.it\/es\/wp-json\/wp\/v2\/users\/1"}],"replies":[{"embeddable":true,"href":"https:\/\/www.elitefox.it\/es\/wp-json\/wp\/v2\/comments?post=42"}],"version-history":[{"count":22,"href":"https:\/\/www.elitefox.it\/es\/wp-json\/wp\/v2\/pages\/42\/revisions"}],"predecessor-version":[{"id":1182,"href":"https:\/\/www.elitefox.it\/es\/wp-json\/wp\/v2\/pages\/42\/revisions\/1182"}],"wp:attachment":[{"href":"https:\/\/www.elitefox.it\/es\/wp-json\/wp\/v2\/media?parent=42"}],"curies":[{"name":"wp","href":"https:\/\/api.w.org\/{rel}","templated":true}]}}